{"id":7542,"date":"2020-06-05T14:05:42","date_gmt":"2020-06-05T12:05:42","guid":{"rendered":"https:\/\/www.uscars-technologie.com\/voiture-americaine-france\/?page_id=7542"},"modified":"2020-06-15T16:25:10","modified_gmt":"2020-06-15T14:25:10","slug":"une-motorisation-intelligente","status":"publish","type":"page","link":"https:\/\/www.uscars-technologie.com\/voiture-americaine-france\/une-motorisation-intelligente\/","title":{"rendered":"FORD F150 : Une motorisation intelligente"},"content":{"rendered":"\t\t<div data-elementor-type=\"wp-page\" data-elementor-id=\"7542\" class=\"elementor elementor-7542\" data-elementor-post-type=\"page\">\n\t\t\t\t\t\t<section class=\"elementor-section elementor-top-section elementor-element elementor-element-1d45c50 elementor-section-boxed elementor-section-height-default elementor-section-height-default\" data-id=\"1d45c50\" data-element_type=\"section\" data-e-type=\"section\">\n\t\t\t\t\t\t<div class=\"elementor-container elementor-column-gap-default\">\n\t\t\t\t\t<div class=\"elementor-column elementor-col-50 elementor-top-column elementor-element elementor-element-a4a2187\" data-id=\"a4a2187\" data-element_type=\"column\" data-e-type=\"column\">\n\t\t\t<div class=\"elementor-widget-wrap elementor-element-populated\">\n\t\t\t\t\t\t<div class=\"elementor-element elementor-element-3885dc5 elementor-widget elementor-widget-text-editor\" data-id=\"3885dc5\" data-element_type=\"widget\" data-e-type=\"widget\" data-widget_type=\"text-editor.default\">\n\t\t\t\t<div class=\"elementor-widget-container\">\n\t\t\t\t\t\t\t\t\t<p>Offrant une acc\u00e9l\u00e9ration am\u00e9lior\u00e9e et de meilleures performances \u00e0 bas r\u00e9gime et \u00e0 couple maximal, le moteur <strong>EcoBoost V6 3.5L (ayant une puissance de 450ch)<\/strong>, le plus perfectionn\u00e9 \u00e0 ce jour, est le moteur id\u00e9al pour transporter des charges lourdes et tirer d\u2019imposantes remorques. Pour optimiser la consommation de carburant, la technologie d\u00e9marrage-arr\u00eat automatique, offerte de s\u00e9rie, coupe le moteur lorsque le v\u00e9hicule s\u2019arr\u00eate compl\u00e8tement. R\u00e9gl\u00e9 sp\u00e9cifiquement pour les pick-up, ce syst\u00e8me n\u2019interviendra pas lorsque le v\u00e9hicule est en mode de traction, lorsque la traction int\u00e9grale est activ\u00e9e ou dans toute autre circonstance qui exige du moteur qu\u2019il actionne des composantes essentielles.<\/p>\t\t\t\t\t\t\t\t<\/div>\n\t\t\t\t<\/div>\n\t\t\t\t\t<\/div>\n\t\t<\/div>\n\t\t\t\t<div class=\"elementor-column elementor-col-50 elementor-top-column elementor-element elementor-element-7d67e5e\" data-id=\"7d67e5e\" data-element_type=\"column\" data-e-type=\"column\">\n\t\t\t<div class=\"elementor-widget-wrap elementor-element-populated\">\n\t\t\t\t\t\t<div class=\"elementor-element elementor-element-d9ea033 elementor-widget elementor-widget-image\" data-id=\"d9ea033\" data-element_type=\"widget\" data-e-type=\"widget\" data-widget_type=\"image.default\">\n\t\t\t\t<div class=\"elementor-widget-container\">\n\t\t\t\t\t\t\t\t\t\t\t\t\t\t\t<img fetchpriority=\"high\" decoding=\"async\" width=\"800\" height=\"534\" src=\"https:\/\/www.uscars-technologie.com\/voiture-americaine-france\/wp-content\/uploads\/2020\/06\/F-150-3.0-Diesel-2-1024x684.jpg\" class=\"attachment-large size-large wp-image-7397\" alt=\"\" srcset=\"https:\/\/www.uscars-technologie.com\/voiture-americaine-france\/wp-content\/uploads\/2020\/06\/F-150-3.0-Diesel-2-1024x684.jpg 1024w, https:\/\/www.uscars-technologie.com\/voiture-americaine-france\/wp-content\/uploads\/2020\/06\/F-150-3.0-Diesel-2-300x200.jpg 300w, https:\/\/www.uscars-technologie.com\/voiture-americaine-france\/wp-content\/uploads\/2020\/06\/F-150-3.0-Diesel-2-768x513.jpg 768w, https:\/\/www.uscars-technologie.com\/voiture-americaine-france\/wp-content\/uploads\/2020\/06\/F-150-3.0-Diesel-2.jpg 1104w\" sizes=\"(max-width: 800px) 100vw, 800px\" \/>\t\t\t\t\t\t\t\t\t\t\t\t\t\t\t<\/div>\n\t\t\t\t<\/div>\n\t\t\t\t\t<\/div>\n\t\t<\/div>\n\t\t\t\t\t<\/div>\n\t\t<\/section>\n\t\t\t\t<section class=\"elementor-section elementor-top-section elementor-element elementor-element-67e05c3 elementor-section-boxed elementor-section-height-default elementor-section-height-default\" data-id=\"67e05c3\" data-element_type=\"section\" data-e-type=\"section\">\n\t\t\t\t\t\t<div class=\"elementor-container elementor-column-gap-default\">\n\t\t\t\t\t<div class=\"elementor-column elementor-col-100 elementor-top-column elementor-element elementor-element-9388be2\" data-id=\"9388be2\" data-element_type=\"column\" data-e-type=\"column\">\n\t\t\t<div class=\"elementor-widget-wrap elementor-element-populated\">\n\t\t\t\t\t\t<div class=\"elementor-element elementor-element-86eaecc elementor-align-right elementor-widget elementor-widget-button\" data-id=\"86eaecc\" data-element_type=\"widget\" data-e-type=\"widget\" data-widget_type=\"button.default\">\n\t\t\t\t<div class=\"elementor-widget-container\">\n\t\t\t\t\t\t\t\t\t<div class=\"elementor-button-wrapper\">\n\t\t\t\t\t<a class=\"elementor-button elementor-button-link elementor-size-md\" href=\"https:\/\/www.uscars-technologie.com\/voiture-americaine-france\/une-puissance-impressionnante\/\">\n\t\t\t\t\t\t<span class=\"elementor-button-content-wrapper\">\n\t\t\t\t\t\t\t\t\t<span class=\"elementor-button-text\">LE F150 : Une puissance impressionnante &gt;&gt;<\/span>\n\t\t\t\t\t<\/span>\n\t\t\t\t\t<\/a>\n\t\t\t\t<\/div>\n\t\t\t\t\t\t\t\t<\/div>\n\t\t\t\t<\/div>\n\t\t\t\t\t<\/div>\n\t\t<\/div>\n\t\t\t\t\t<\/div>\n\t\t<\/section>\n\t\t\t\t<\/div>\n\t\t","protected":false},"excerpt":{"rendered":"<p>Offrant une acc\u00e9l\u00e9ration am\u00e9lior\u00e9e et de meilleures performances \u00e0 bas r\u00e9gime et \u00e0 couple maximal, le moteur EcoBoost V6 3.5L (ayant une puissance de 450ch), le plus perfectionn\u00e9 \u00e0 ce jour, est le moteur id\u00e9al pour transporter des charges lourdes et tirer d\u2019imposantes remorques. Pour optimiser la consommation de carburant, la technologie d\u00e9marrage-arr\u00eat automatique, offerte [&hellip;]<\/p>\n","protected":false},"author":1,"featured_media":0,"parent":0,"menu_order":0,"comment_status":"closed","ping_status":"closed","template":"","meta":{"footnotes":""},"class_list":["post-7542","page","type-page","status-publish","hentry"],"aioseo_notices":[],"_links":{"self":[{"href":"https:\/\/www.uscars-technologie.com\/voiture-americaine-france\/wp-json\/wp\/v2\/pages\/7542","targetHints":{"allow":["GET"]}}],"collection":[{"href":"https:\/\/www.uscars-technologie.com\/voiture-americaine-france\/wp-json\/wp\/v2\/pages"}],"about":[{"href":"https:\/\/www.uscars-technologie.com\/voiture-americaine-france\/wp-json\/wp\/v2\/types\/page"}],"author":[{"embeddable":true,"href":"https:\/\/www.uscars-technologie.com\/voiture-americaine-france\/wp-json\/wp\/v2\/users\/1"}],"replies":[{"embeddable":true,"href":"https:\/\/www.uscars-technologie.com\/voiture-americaine-france\/wp-json\/wp\/v2\/comments?post=7542"}],"version-history":[{"count":0,"href":"https:\/\/www.uscars-technologie.com\/voiture-americaine-france\/wp-json\/wp\/v2\/pages\/7542\/revisions"}],"wp:attachment":[{"href":"https:\/\/www.uscars-technologie.com\/voiture-americaine-france\/wp-json\/wp\/v2\/media?parent=7542"}],"curies":[{"name":"wp","href":"https:\/\/api.w.org\/{rel}","templated":true}]}}